{"id":15792,"date":"2020-04-14T11:04:04","date_gmt":"2020-04-14T09:04:04","guid":{"rendered":"http:\/\/sorensferielejligheder.dk\/?page_id=15792"},"modified":"2020-04-14T11:04:04","modified_gmt":"2020-04-14T09:04:04","slug":"booking-lejlighed-4","status":"publish","type":"page","link":"https:\/\/www.sorensferielejligheder.dk\/?page_id=15792","title":{"rendered":"Booking lejlighed 4"},"content":{"rendered":"<p>[vc_row css_animation=&#8221;&#8221; row_type=&#8221;row&#8221; use_row_as_full_screen_section=&#8221;no&#8221; type=&#8221;full_width&#8221; angled_section=&#8221;no&#8221; text_align=&#8221;left&#8221; background_image_as_pattern=&#8221;without_pattern&#8221;][vc_column width=&#8221;2\/3&#8243;][vc_column_text]<div id=\"vfb-form-5\" class=\"visual-form-builder-container\"><form id=\"booking-lejlighed-4-5\" class=\"visual-form-builder vfb-form-5 \" method=\"post\" enctype=\"multipart\/form-data\">\n\t  \t<input type=\"hidden\" name=\"form_id\" value=\"5\" \/><fieldset class=\"vfb-fieldset vfb-fieldset-1 booking \" id=\"item-vfb-115\"><div class=\"vfb-legend\"><h3>Booking<\/h3><\/div><ul class=\"vfb-section vfb-section-1\"><li class=\"vfb-item vfb-item-instructions  \" id=\"item-vfb-125\"><label class=\"vfb-desc\">Booking <\/label>\u00c5ben for booking i perioden p\u00e5ske til og med oktober (uge 42)<\/li><li class=\"vfb-item vfb-item-instructions  \" id=\"item-vfb-151\"><label class=\"vfb-desc\"> <\/label>Lejlighed 4: 1.000,- pr. dag (min 2 dg.)<\/li><li class=\"vfb-item vfb-item-select  \" id=\"item-vfb-143\"><label for=\"vfb-143\" class=\"vfb-desc\">V\u00e6lg lejlighed <\/label><select name=\"vfb-143\" id=\"vfb-143\" class=\"vfb-select  vfb-medium  \"><option value=\"Lejlighed 4\">Lejlighed 4<\/option><\/select><\/li><li class=\"vfb-item vfb-item-number  \" id=\"item-vfb-126\"><label for=\"vfb-126\" class=\"vfb-desc\">Antal personer <\/label><input type=\"text\" name=\"vfb-126\" id=\"vfb-126\" value=\"\" class=\"vfb-text  vfb-medium   number \" \/><\/li><li class=\"vfb-item vfb-item-date  \" id=\"item-vfb-127\"><label for=\"vfb-127\" class=\"vfb-desc\">V\u00e6lg ankomstdag <\/label><input type=\"text\" name=\"vfb-127\" id=\"vfb-127\" value=\"\" class=\"vfb-text vfb-date-picker  vfb-medium  \" data-dp-dateFormat=\"dd\/mm\/yy\" \/><\/li><li class=\"vfb-item vfb-item-date  \" id=\"item-vfb-128\"><label for=\"vfb-128\" class=\"vfb-desc\">V\u00e6lg afrejsedag <\/label><input type=\"text\" name=\"vfb-128\" id=\"vfb-128\" value=\"\" class=\"vfb-text vfb-date-picker  vfb-medium  \" data-dp-dateFormat=\"dd\/mm\/yy\" \/><\/li><li class=\"vfb-item vfb-item-number  \" id=\"item-vfb-129\"><label for=\"vfb-129\" class=\"vfb-desc\">Antal dage ialt <\/label><input type=\"text\" name=\"vfb-129\" id=\"vfb-129\" value=\"\" class=\"vfb-text  vfb-medium   number \" \/><\/li><li class=\"vfb-item vfb-item-instructions  \" id=\"item-vfb-130\"><label class=\"vfb-desc\">Betaling <\/label>Depositum: Halvdelen af det samlede bel\u00f8b ved booking.\n<br>\nRestbel\u00f8bet betales senest ved ankomst.\n<br>\nVed afbestilling senest 1 m\u00e5ned inden ankomst, tilbagebetales hele depositummet.<br>\nVed afbestilling under en m\u00e5ned inden ankomst tilbagebetales depositum KUN ved genudlejning.<br>\n<br>\n<b>Netbank:<\/b><br>\nSparekassen Danmark reg. 9070 konto 806093 5972\n<br>\n<b>Udlandsbetalinger<\/b><br>\nIBAN-nr.: DK 6693 8880 6093 5972<br>\nSwift Bic. VRSPDK22<br>\nS\u00f8ren Ringg\u00e5rd, Hals Skolevej 1, 9940 L\u00e6s\u00f8<br><\/li><li class=\"vfb-item vfb-item-number  \" id=\"item-vfb-132\"><label for=\"vfb-132\" class=\"vfb-desc\">Samlet pris kr.  <span class=\"vfb-required-asterisk\">*<\/span><\/label><input type=\"text\" name=\"vfb-132\" id=\"vfb-132\" value=\"\" class=\"vfb-text  vfb-medium  required  number \" \/><\/li><li class=\"vfb-item vfb-item-number  \" id=\"item-vfb-133\"><label for=\"vfb-133\" class=\"vfb-desc\">Heraf 50% i depositum  <span class=\"vfb-required-asterisk\">*<\/span><\/label><input type=\"text\" name=\"vfb-133\" id=\"vfb-133\" value=\"\" class=\"vfb-text  vfb-medium  required  number \" \/><\/li><div id=\"item-vfb-134\" class=\"vfb-section-div \"><h4>Kontaktinfo for lejer<\/h4><\/div><div class=\"vfb-clear\"><\/div><li class=\"vfb-item vfb-item-text  \" id=\"item-vfb-135\"><label for=\"vfb-135\" class=\"vfb-desc\">Navn  <span class=\"vfb-required-asterisk\">*<\/span><\/label><input type=\"text\" name=\"vfb-135\" id=\"vfb-135\" value=\"\" class=\"vfb-text  vfb-medium  required  \" \/><\/li><li class=\"vfb-item vfb-item-text  \" id=\"item-vfb-136\"><label for=\"vfb-136\" class=\"vfb-desc\">Adresse  <span class=\"vfb-required-asterisk\">*<\/span><\/label><input type=\"text\" name=\"vfb-136\" id=\"vfb-136\" value=\"\" class=\"vfb-text  vfb-medium  required  \" \/><\/li><li class=\"vfb-item vfb-item-text  \" id=\"item-vfb-137\"><label for=\"vfb-137\" class=\"vfb-desc\">By  <span class=\"vfb-required-asterisk\">*<\/span><\/label><input type=\"text\" name=\"vfb-137\" id=\"vfb-137\" value=\"\" class=\"vfb-text  vfb-medium  required  \" \/><\/li><li class=\"vfb-item vfb-item-text  \" id=\"item-vfb-138\"><label for=\"vfb-138\" class=\"vfb-desc\">Postnr.  <span class=\"vfb-required-asterisk\">*<\/span><\/label><input type=\"text\" name=\"vfb-138\" id=\"vfb-138\" value=\"\" class=\"vfb-text  vfb-medium  required  \" \/><\/li><li class=\"vfb-item vfb-item-phone  \" id=\"item-vfb-139\"><label for=\"vfb-139\" class=\"vfb-desc\">Tlf. nr. (husk 0045 foran) <\/label><input type=\"tel\" name=\"vfb-139\" id=\"vfb-139\" value=\"\" class=\"vfb-text  vfb-medium   phone \" \/><\/li><li class=\"vfb-item vfb-item-email  \" id=\"item-vfb-140\"><label for=\"vfb-140\" class=\"vfb-desc\">Email  <span class=\"vfb-required-asterisk\">*<\/span><\/label><input type=\"email\" name=\"vfb-140\" id=\"vfb-140\" value=\"\" class=\"vfb-text  vfb-medium  required  email \" \/><\/li><li class=\"vfb-item vfb-item-instructions  \" id=\"item-vfb-141\"><label class=\"vfb-desc\"> <\/label><p style=\"font-size: 16px; font-weight: bold; background-color: yellow;\">Husk at trykke p\u00e5 send nederst!\nBestillingen g\u00e5r f\u00f8rst afsted n\u00e5r der trykkes p\u00e5 SEND <\/p><\/li><\/ul>&nbsp;<\/fieldset><fieldset class=\"vfb-fieldset vfb-fieldset-2 bestil \" id=\"item-vfb-116\" style=\"display:block\"><div class=\"vfb-legend\"><h3>Bestil<\/h3><\/div><ul class=\"vfb-section vfb-section-2\"><li class=\"vfb-item vfb-item-secret\"  style=\"display:block\"><label for=\"vfb-117\" class=\"vfb-desc\"><\/label><input type=\"hidden\" name=\"_vfb-required-secret\" value=\"0\" \/><input type=\"hidden\" name=\"_vfb-secret\" value=\"vfb-117\" \/><input type=\"text\" name=\"vfb-117\" id=\"vfb-117\" value=\"\" class=\"vfb-text  vfb-medium  {digits:true,maxlength:2,minlength:2} \" style=\"display:block\" \/><li style=\"display:none;\"><label>This box is for spam protection - &lt;strong&gt;please leave it blank&lt;\/strong&gt;:<\/label><div><input name=\"vfb-spam\" \/><\/div><\/li>\n\t\t\t<li class=\"vfb-item vfb-item-submit\" id=\"item-vfb-118\">\n\t\t\t\t<input type=\"submit\" name=\"vfb-submit\" id=\"vfb-118\" value=\"SEND\" class=\"vfb-submit  bestilling-knap\" \/>\n\t\t\t\t<\/li><\/ul>\n\t\t\t<\/fieldset><input type=\"hidden\" name=\"_wp_http_referer\" value=\"\/index.php?rest_route=%2Fwp%2Fv2%2Fpages%2F15792\" \/><\/form><\/div> <!-- .visual-form-builder-container -->[\/vc_column_text][\/vc_column][vc_column width=&#8221;1\/3&#8243;][vc_raw_html]JTVCd3BzYmMlMjBpZCUzRCUyMjMlMjIlMjB0aXRsZSUzRCUyMnllcyUyMiUyMGxlZ2VuZCUzRCUyMnllcyUyMiUyMGxlZ2VuZF9wb3NpdGlvbiUzRCUyMmJvdHRvbSUyMiUyMGRpc3BsYXklM0QlMjIxJTIyJTIweWVhciUzRCUyMjAlMjIlMjBtb250aCUzRCUyMjAlMjIlMjBzdGFydCUzRCUyMjElMjIlMjBkcm9wZG93biUzRCUyMnllcyUyMiUyMGp1bXAlM0QlMjJubyUyMiUyMGhpc3RvcnklM0QlMjIxJTIyJTIwdG9vbHRpcCUzRCUyMjElMjIlMjBoaWdobGlnaHR0b2RheSUzRCUyMm5vJTIyJTIwd2Vla251bWJlcnMlM0QlMjJubyUyMiUyMGxhbmd1YWdlJTNEJTIyYXV0byUyMiU1RA==[\/vc_raw_html][\/vc_column][\/vc_row][vc_row css_animation=&#8221;&#8221; row_type=&#8221;row&#8221; use_row_as_full_screen_section=&#8221;no&#8221; type=&#8221;full_width&#8221; angled_section=&#8221;no&#8221; text_align=&#8221;left&#8221; background_image_as_pattern=&#8221;without_pattern&#8221;][vc_column][vc_empty_space height=&#8221;50&#8243;][\/vc_column][\/vc_row]<\/p>\n","protected":false},"excerpt":{"rendered":"<p>[vc_row css_animation=&#8221;&#8221; row_type=&#8221;row&#8221; use_row_as_full_screen_section=&#8221;no&#8221; type=&#8221;full_width&#8221; angled_section=&#8221;no&#8221; text_align=&#8221;left&#8221; background_image_as_pattern=&#8221;without_pattern&#8221;][vc_column width=&#8221;2\/3&#8243;][vc_column_text][\/vc_column_text][\/vc_column][vc_column width=&#8221;1\/3&#8243;][vc_raw_html]JTVCd3BzYmMlMjBpZCUzRCUyMjMlMjIlMjB0aXRsZSUzRCUyMnllcyUyMiUyMGxlZ2VuZCUzRCUyMnllcyUyMiUyMGxlZ2VuZF9wb3NpdGlvbiUzRCUyMmJvdHRvbSUyMiUyMGRpc3BsYXklM0QlMjIxJTIyJTIweWVhciUzRCUyMjAlMjIlMjBtb250aCUzRCUyMjAlMjIlMjBzdGFydCUzRCUyMjElMjIlMjBkcm9wZG93biUzRCUyMnllcyUyMiUyMGp1bXAlM0QlMjJubyUyMiUyMGhpc3RvcnklM0QlMjIxJTIyJTIwdG9vbHRpcCUzRCUyMjElMjIlMjBoaWdobGlnaHR0b2RheSUzRCUyMm5vJTIyJTIwd2Vla251bWJlcnMlM0QlMjJubyUyMiUyMGxhbmd1YWdlJTNEJTIyYXV0byUyMiU1RA==[\/vc_raw_html][\/vc_column][\/vc_row][vc_row css_animation=&#8221;&#8221; row_type=&#8221;row&#8221; use_row_as_full_screen_section=&#8221;no&#8221; type=&#8221;full_width&#8221; angled_section=&#8221;no&#8221; text_align=&#8221;left&#8221; background_image_as_pattern=&#8221;without_pattern&#8221;][vc_column][vc_empty_space height=&#8221;50&#8243;][\/vc_column][\/vc_row]<\/p>\n","protected":false},"author":1,"featured_media":0,"parent":0,"menu_order":0,"comment_status":"closed","ping_status":"closed","template":"","meta":{"footnotes":""},"_links":{"self":[{"href":"https:\/\/www.sorensferielejligheder.dk\/index.php?rest_route=\/wp\/v2\/pages\/15792"}],"collection":[{"href":"https:\/\/www.sorensferielejligheder.dk\/index.php?rest_route=\/wp\/v2\/pages"}],"about":[{"href":"https:\/\/www.sorensferielejligheder.dk\/index.php?rest_route=\/wp\/v2\/types\/page"}],"author":[{"embeddable":true,"href":"https:\/\/www.sorensferielejligheder.dk\/index.php?rest_route=\/wp\/v2\/users\/1"}],"replies":[{"embeddable":true,"href":"https:\/\/www.sorensferielejligheder.dk\/index.php?rest_route=%2Fwp%2Fv2%2Fcomments&post=15792"}],"version-history":[{"count":1,"href":"https:\/\/www.sorensferielejligheder.dk\/index.php?rest_route=\/wp\/v2\/pages\/15792\/revisions"}],"predecessor-version":[{"id":15793,"href":"https:\/\/www.sorensferielejligheder.dk\/index.php?rest_route=\/wp\/v2\/pages\/15792\/revisions\/15793"}],"wp:attachment":[{"href":"https:\/\/www.sorensferielejligheder.dk\/index.php?rest_route=%2Fwp%2Fv2%2Fmedia&parent=15792"}],"curies":[{"name":"wp","href":"https:\/\/api.w.org\/{rel}","templated":true}]}}