{"id":15790,"date":"2020-04-14T11:02:45","date_gmt":"2020-04-14T09:02:45","guid":{"rendered":"http:\/\/sorensferielejligheder.dk\/?page_id=15790"},"modified":"2020-04-14T11:02:45","modified_gmt":"2020-04-14T09:02:45","slug":"booking-lejlighed-3","status":"publish","type":"page","link":"https:\/\/www.sorensferielejligheder.dk\/?page_id=15790","title":{"rendered":"Booking lejlighed 3"},"content":{"rendered":"<p>[vc_row css_animation=&#8221;&#8221; row_type=&#8221;row&#8221; use_row_as_full_screen_section=&#8221;no&#8221; type=&#8221;full_width&#8221; angled_section=&#8221;no&#8221; text_align=&#8221;left&#8221; background_image_as_pattern=&#8221;without_pattern&#8221;][vc_column width=&#8221;2\/3&#8243;][vc_column_text]<div id=\"vfb-form-4\" class=\"visual-form-builder-container\"><form id=\"booking-lejlighed-3-4\" class=\"visual-form-builder vfb-form-4 \" method=\"post\" enctype=\"multipart\/form-data\">\n\t  \t<input type=\"hidden\" name=\"form_id\" value=\"4\" \/><fieldset class=\"vfb-fieldset vfb-fieldset-1 booking \" id=\"item-vfb-88\"><div class=\"vfb-legend\"><h3>Booking<\/h3><\/div><ul class=\"vfb-section vfb-section-1\"><li class=\"vfb-item vfb-item-instructions  \" id=\"item-vfb-98\"><label class=\"vfb-desc\">Booking <\/label>\u00c5ben for booking i perioden p\u00e5ske til og med oktober (uge 42):\n<br>\nLejlighed 3: kr. 700,- pr. dag (min 2 dg.)<\/li><li class=\"vfb-item vfb-item-select  \" id=\"item-vfb-144\"><label for=\"vfb-144\" class=\"vfb-desc\">V\u00e6lg lejlighed <\/label><select name=\"vfb-144\" id=\"vfb-144\" class=\"vfb-select  vfb-medium  \"><option value=\"Lejlighed 3\">Lejlighed 3<\/option><\/select><\/li><li class=\"vfb-item vfb-item-number  \" id=\"item-vfb-99\"><label for=\"vfb-99\" class=\"vfb-desc\">Antal personer <\/label><input type=\"text\" name=\"vfb-99\" id=\"vfb-99\" value=\"\" class=\"vfb-text  vfb-medium   number \" \/><\/li><li class=\"vfb-item vfb-item-date  \" id=\"item-vfb-100\"><label for=\"vfb-100\" class=\"vfb-desc\">V\u00e6lg ankomstdag <\/label><input type=\"text\" name=\"vfb-100\" id=\"vfb-100\" value=\"\" class=\"vfb-text vfb-date-picker  vfb-medium  \" data-dp-dateFormat=\"dd\/mm\/yy\" \/><\/li><li class=\"vfb-item vfb-item-date  \" id=\"item-vfb-101\"><label for=\"vfb-101\" class=\"vfb-desc\">V\u00e6lg afrejsedag <\/label><input type=\"text\" name=\"vfb-101\" id=\"vfb-101\" value=\"\" class=\"vfb-text vfb-date-picker  vfb-medium  \" data-dp-dateFormat=\"dd\/mm\/yy\" \/><\/li><li class=\"vfb-item vfb-item-number  \" id=\"item-vfb-102\"><label for=\"vfb-102\" class=\"vfb-desc\">Antal dage ialt <\/label><input type=\"text\" name=\"vfb-102\" id=\"vfb-102\" value=\"\" class=\"vfb-text  vfb-medium   number \" \/><\/li><li class=\"vfb-item vfb-item-instructions  \" id=\"item-vfb-103\"><label class=\"vfb-desc\">Betaling <\/label>Depositum: Halvdelen af det samlede bel\u00f8b ved booking.\n<br>\nRestbel\u00f8bet betales senest ved ankomst.\n<br>\nVed afbestilling senest 1 m\u00e5ned inden ankomst, tilbagebetales hele depositummet.<br>\nVed afbestilling under en m\u00e5ned inden ankomst tilbagebetales depositum KUN ved genudlejning.<br>\n<br>\n<b>Netbank:<\/b><br>\nSparekassen Danmark reg. 9070 konto 806093 5972\n<br>\n<b>Udlandsbetalinger<\/b><br>\nIBAN-nr.: DK 6693 8880 6093 5972<br>\nSwift Bic. VRSPDK22<br>\nS\u00f8ren Ringg\u00e5rd, Hals Skolevej 1, 9940 L\u00e6s\u00f8<br><\/li><li class=\"vfb-item vfb-item-number  \" id=\"item-vfb-105\"><label for=\"vfb-105\" class=\"vfb-desc\">Samlet pris kr.  <span class=\"vfb-required-asterisk\">*<\/span><\/label><input type=\"text\" name=\"vfb-105\" id=\"vfb-105\" value=\"\" class=\"vfb-text  vfb-medium  required  number \" \/><\/li><li class=\"vfb-item vfb-item-number  \" id=\"item-vfb-106\"><label for=\"vfb-106\" class=\"vfb-desc\">Heraf 50% i depositum  <span class=\"vfb-required-asterisk\">*<\/span><\/label><input type=\"text\" name=\"vfb-106\" id=\"vfb-106\" value=\"\" class=\"vfb-text  vfb-medium  required  number \" \/><\/li><div id=\"item-vfb-107\" class=\"vfb-section-div \"><h4>Kontaktinfo for lejer<\/h4><\/div><div class=\"vfb-clear\"><\/div><li class=\"vfb-item vfb-item-text  \" id=\"item-vfb-108\"><label for=\"vfb-108\" class=\"vfb-desc\">Navn  <span class=\"vfb-required-asterisk\">*<\/span><\/label><input type=\"text\" name=\"vfb-108\" id=\"vfb-108\" value=\"\" class=\"vfb-text  vfb-medium  required  \" \/><\/li><li class=\"vfb-item vfb-item-text  \" id=\"item-vfb-109\"><label for=\"vfb-109\" class=\"vfb-desc\">Adresse  <span class=\"vfb-required-asterisk\">*<\/span><\/label><input type=\"text\" name=\"vfb-109\" id=\"vfb-109\" value=\"\" class=\"vfb-text  vfb-medium  required  \" \/><\/li><li class=\"vfb-item vfb-item-text  \" id=\"item-vfb-110\"><label for=\"vfb-110\" class=\"vfb-desc\">By  <span class=\"vfb-required-asterisk\">*<\/span><\/label><input type=\"text\" name=\"vfb-110\" id=\"vfb-110\" value=\"\" class=\"vfb-text  vfb-medium  required  \" \/><\/li><li class=\"vfb-item vfb-item-text  \" id=\"item-vfb-111\"><label for=\"vfb-111\" class=\"vfb-desc\">Postnr.  <span class=\"vfb-required-asterisk\">*<\/span><\/label><input type=\"text\" name=\"vfb-111\" id=\"vfb-111\" value=\"\" class=\"vfb-text  vfb-medium  required  \" \/><\/li><li class=\"vfb-item vfb-item-phone  \" id=\"item-vfb-112\"><label for=\"vfb-112\" class=\"vfb-desc\">Tlf. nr. (husk 0045 foran) <\/label><input type=\"tel\" name=\"vfb-112\" id=\"vfb-112\" value=\"\" class=\"vfb-text  vfb-medium   phone \" \/><\/li><li class=\"vfb-item vfb-item-email  \" id=\"item-vfb-113\"><label for=\"vfb-113\" class=\"vfb-desc\">Email  <span class=\"vfb-required-asterisk\">*<\/span><\/label><input type=\"email\" name=\"vfb-113\" id=\"vfb-113\" value=\"\" class=\"vfb-text  vfb-medium  required  email \" \/><\/li><li class=\"vfb-item vfb-item-instructions  \" id=\"item-vfb-114\"><label class=\"vfb-desc\"> <\/label><p style=\"font-size: 18px; font-weight: bold; background-color: yellow;\">Husk at trykke p\u00e5 send nederst!\nBestillingen g\u00e5r f\u00f8rst afsted n\u00e5r der trykkes p\u00e5 SEND <\/p><\/li><\/ul>&nbsp;<\/fieldset><fieldset class=\"vfb-fieldset vfb-fieldset-2 bestil \" id=\"item-vfb-89\" style=\"display:block\"><div class=\"vfb-legend\"><h3>Bestil<\/h3><\/div><ul class=\"vfb-section vfb-section-2\"><li class=\"vfb-item vfb-item-secret\"  style=\"display:block\"><label for=\"vfb-90\" class=\"vfb-desc\"><\/label><input type=\"hidden\" name=\"_vfb-required-secret\" value=\"0\" \/><input type=\"hidden\" name=\"_vfb-secret\" value=\"vfb-90\" \/><input type=\"text\" name=\"vfb-90\" id=\"vfb-90\" value=\"\" class=\"vfb-text  vfb-medium  {digits:true,maxlength:2,minlength:2} \" style=\"display:block\" \/><li style=\"display:none;\"><label>This box is for spam protection - &lt;strong&gt;please leave it blank&lt;\/strong&gt;:<\/label><div><input name=\"vfb-spam\" \/><\/div><\/li>\n\t\t\t<li class=\"vfb-item vfb-item-submit\" id=\"item-vfb-91\">\n\t\t\t\t<input type=\"submit\" name=\"vfb-submit\" id=\"vfb-91\" value=\"SEND\" class=\"vfb-submit  bestilling-knap\" \/>\n\t\t\t\t<\/li><\/ul>\n\t\t\t<\/fieldset><input type=\"hidden\" name=\"_wp_http_referer\" value=\"\/index.php?rest_route=%2Fwp%2Fv2%2Fpages%2F15790\" \/><\/form><\/div> <!-- .visual-form-builder-container -->[\/vc_column_text][\/vc_column][vc_column width=&#8221;1\/3&#8243;][vc_raw_html]JTVCd3BzYmMlMjBpZCUzRCUyMjQlMjIlMjB0aXRsZSUzRCUyMnllcyUyMiUyMGxlZ2VuZCUzRCUyMnllcyUyMiUyMGxlZ2VuZF9wb3NpdGlvbiUzRCUyMmJvdHRvbSUyMiUyMGRpc3BsYXklM0QlMjIxJTIyJTIweWVhciUzRCUyMjAlMjIlMjBtb250aCUzRCUyMjAlMjIlMjBzdGFydCUzRCUyMjElMjIlMjBkcm9wZG93biUzRCUyMnllcyUyMiUyMGp1bXAlM0QlMjJubyUyMiUyMGhpc3RvcnklM0QlMjIxJTIyJTIwdG9vbHRpcCUzRCUyMjElMjIlMjBoaWdobGlnaHR0b2RheSUzRCUyMm5vJTIyJTIwd2Vla251bWJlcnMlM0QlMjJubyUyMiUyMGxhbmd1YWdlJTNEJTIyYXV0byUyMiU1RA==[\/vc_raw_html][vc_empty_space][\/vc_column][\/vc_row][vc_row css_animation=&#8221;&#8221; row_type=&#8221;row&#8221; use_row_as_full_screen_section=&#8221;no&#8221; type=&#8221;full_width&#8221; angled_section=&#8221;no&#8221; text_align=&#8221;left&#8221; background_image_as_pattern=&#8221;without_pattern&#8221;][vc_column][vc_empty_space height=&#8221;50&#8243;][\/vc_column][\/vc_row]<\/p>\n","protected":false},"excerpt":{"rendered":"<p>[vc_row css_animation=&#8221;&#8221; row_type=&#8221;row&#8221; use_row_as_full_screen_section=&#8221;no&#8221; type=&#8221;full_width&#8221; angled_section=&#8221;no&#8221; text_align=&#8221;left&#8221; background_image_as_pattern=&#8221;without_pattern&#8221;][vc_column width=&#8221;2\/3&#8243;][vc_column_text][\/vc_column_text][\/vc_column][vc_column width=&#8221;1\/3&#8243;][vc_raw_html]JTVCd3BzYmMlMjBpZCUzRCUyMjQlMjIlMjB0aXRsZSUzRCUyMnllcyUyMiUyMGxlZ2VuZCUzRCUyMnllcyUyMiUyMGxlZ2VuZF9wb3NpdGlvbiUzRCUyMmJvdHRvbSUyMiUyMGRpc3BsYXklM0QlMjIxJTIyJTIweWVhciUzRCUyMjAlMjIlMjBtb250aCUzRCUyMjAlMjIlMjBzdGFydCUzRCUyMjElMjIlMjBkcm9wZG93biUzRCUyMnllcyUyMiUyMGp1bXAlM0QlMjJubyUyMiUyMGhpc3RvcnklM0QlMjIxJTIyJTIwdG9vbHRpcCUzRCUyMjElMjIlMjBoaWdobGlnaHR0b2RheSUzRCUyMm5vJTIyJTIwd2Vla251bWJlcnMlM0QlMjJubyUyMiUyMGxhbmd1YWdlJTNEJTIyYXV0byUyMiU1RA==[\/vc_raw_html][vc_empty_space][\/vc_column][\/vc_row][vc_row css_animation=&#8221;&#8221; row_type=&#8221;row&#8221; use_row_as_full_screen_section=&#8221;no&#8221; type=&#8221;full_width&#8221; angled_section=&#8221;no&#8221; text_align=&#8221;left&#8221; background_image_as_pattern=&#8221;without_pattern&#8221;][vc_column][vc_empty_space height=&#8221;50&#8243;][\/vc_column][\/vc_row]<\/p>\n","protected":false},"author":1,"featured_media":0,"parent":0,"menu_order":0,"comment_status":"closed","ping_status":"closed","template":"","meta":{"footnotes":""},"_links":{"self":[{"href":"https:\/\/www.sorensferielejligheder.dk\/index.php?rest_route=\/wp\/v2\/pages\/15790"}],"collection":[{"href":"https:\/\/www.sorensferielejligheder.dk\/index.php?rest_route=\/wp\/v2\/pages"}],"about":[{"href":"https:\/\/www.sorensferielejligheder.dk\/index.php?rest_route=\/wp\/v2\/types\/page"}],"author":[{"embeddable":true,"href":"https:\/\/www.sorensferielejligheder.dk\/index.php?rest_route=\/wp\/v2\/users\/1"}],"replies":[{"embeddable":true,"href":"https:\/\/www.sorensferielejligheder.dk\/index.php?rest_route=%2Fwp%2Fv2%2Fcomments&post=15790"}],"version-history":[{"count":1,"href":"https:\/\/www.sorensferielejligheder.dk\/index.php?rest_route=\/wp\/v2\/pages\/15790\/revisions"}],"predecessor-version":[{"id":15791,"href":"https:\/\/www.sorensferielejligheder.dk\/index.php?rest_route=\/wp\/v2\/pages\/15790\/revisions\/15791"}],"wp:attachment":[{"href":"https:\/\/www.sorensferielejligheder.dk\/index.php?rest_route=%2Fwp%2Fv2%2Fmedia&parent=15790"}],"curies":[{"name":"wp","href":"https:\/\/api.w.org\/{rel}","templated":true}]}}