{"id":15443,"date":"2020-03-19T11:01:22","date_gmt":"2020-03-19T10:01:22","guid":{"rendered":"http:\/\/sorensferielejligheder.dk\/?page_id=15443"},"modified":"2020-04-20T11:09:54","modified_gmt":"2020-04-20T09:09:54","slug":"lejlighed-4","status":"publish","type":"page","link":"https:\/\/www.sorensferielejligheder.dk\/?page_id=15443","title":{"rendered":"Lejlighed 4"},"content":{"rendered":"<p>[vc_row css_animation=&#8221;&#8221; row_type=&#8221;row&#8221; use_row_as_full_screen_section=&#8221;no&#8221; type=&#8221;full_width&#8221; angled_section=&#8221;no&#8221; text_align=&#8221;left&#8221; background_image_as_pattern=&#8221;without_pattern&#8221;][vc_column width=&#8221;1\/2&#8243;][vc_single_image image=&#8221;15648&#8243; img_size=&#8221;full&#8221; qode_css_animation=&#8221;&#8221;][\/vc_column][vc_column width=&#8221;1\/2&#8243;][vc_column_text]<\/p>\n<h3>Lejlighed 4 &#8220;Den nye&#8221;<\/h3>\n<p>[\/vc_column_text][vc_empty_space][vc_column_text]<strong>En superlejlighed.<\/strong><br \/>\n3 store dobbeltv\u00e6relser, stort k\u00f8kken\/alrum med \u00e5ben forbindelse til de bl\u00f8de stole i opholdsstuen, direkte udgang fra alrummet til egen terrasse og videre til haven.<br \/>\n2 l\u00e6kre brusebadev\u00e6relser m toilet, vaskemaskine &#8211; t\u00f8rretumbler.<br \/>\nIalt ca 130 m2.[\/vc_column_text][\/vc_column][\/vc_row][vc_row css_animation=&#8221;&#8221; row_type=&#8221;row&#8221; use_row_as_full_screen_section=&#8221;no&#8221; type=&#8221;full_width&#8221; angled_section=&#8221;no&#8221; text_align=&#8221;left&#8221; background_image_as_pattern=&#8221;without_pattern&#8221;][vc_column][vc_empty_space height=&#8221;40&#8243;][\/vc_column][\/vc_row][vc_row css_animation=&#8221;&#8221; row_type=&#8221;row&#8221; use_row_as_full_screen_section=&#8221;no&#8221; type=&#8221;full_width&#8221; angled_section=&#8221;no&#8221; text_align=&#8221;left&#8221; background_image_as_pattern=&#8221;without_pattern&#8221;][vc_column width=&#8221;1\/4&#8243;][vc_single_image image=&#8221;15649&#8243; img_size=&#8221;full&#8221; qode_css_animation=&#8221;&#8221;][vc_empty_space]<a  itemprop=\"url\" href=\"http:\/\/sorensferielejligheder.dk\/?page_id=15722\" target=\"_self\"  class=\"qbutton  medium default\" style=\"text-transform: none; background-color: #477b99;\">Se flere billeder<\/a>[\/vc_column][vc_column width=&#8221;1\/4&#8243;][vc_single_image image=&#8221;15650&#8243; img_size=&#8221;full&#8221; qode_css_animation=&#8221;&#8221;][\/vc_column][vc_column width=&#8221;1\/4&#8243;]<a  itemprop=\"url\" href=\"http:\/\/sorensferielejligheder.dk\/?page_id=15792\" target=\"_self\"  class=\"qbutton  medium default\" style=\"background-color: rgba(71,123,153,0.7);\">Booking<\/a>[\/vc_column][vc_column width=&#8221;1\/4&#8243;][vc_raw_html]JTVCd3BzYmMlMjBpZCUzRCUyMjMlMjIlMjB0aXRsZSUzRCUyMnllcyUyMiUyMGxlZ2VuZCUzRCUyMnllcyUyMiUyMGxlZ2VuZF9wb3NpdGlvbiUzRCUyMmJvdHRvbSUyMiUyMGRpc3BsYXklM0QlMjIxJTIyJTIweWVhciUzRCUyMjAlMjIlMjBtb250aCUzRCUyMjAlMjIlMjBzdGFydCUzRCUyMjElMjIlMjBkcm9wZG93biUzRCUyMnllcyUyMiUyMGp1bXAlM0QlMjJubyUyMiUyMGhpc3RvcnklM0QlMjIxJTIyJTIwdG9vbHRpcCUzRCUyMjElMjIlMjBoaWdobGlnaHR0b2RheSUzRCUyMm5vJTIyJTIwd2Vla251bWJlcnMlM0QlMjJubyUyMiUyMGxhbmd1YWdlJTNEJTIyYXV0byUyMiU1RA==[\/vc_raw_html][\/vc_column][\/vc_row][vc_row css_animation=&#8221;&#8221; row_type=&#8221;row&#8221; use_row_as_full_screen_section=&#8221;no&#8221; type=&#8221;full_width&#8221; angled_section=&#8221;no&#8221; text_align=&#8221;left&#8221; background_image_as_pattern=&#8221;without_pattern&#8221;][vc_column][vc_empty_space height=&#8221;40&#8243;][\/vc_column][\/vc_row]<\/p>\n","protected":false},"excerpt":{"rendered":"<p>[vc_row css_animation=&#8221;&#8221; row_type=&#8221;row&#8221; use_row_as_full_screen_section=&#8221;no&#8221; type=&#8221;full_width&#8221; angled_section=&#8221;no&#8221; text_align=&#8221;left&#8221; background_image_as_pattern=&#8221;without_pattern&#8221;][vc_column width=&#8221;1\/2&#8243;][vc_single_image image=&#8221;15648&#8243; img_size=&#8221;full&#8221; qode_css_animation=&#8221;&#8221;][\/vc_column][vc_column width=&#8221;1\/2&#8243;][vc_column_text] Lejlighed 4 &#8220;Den nye&#8221; [\/vc_column_text][vc_empty_space][vc_column_text]En superlejlighed. 3 store dobbeltv\u00e6relser, stort k\u00f8kken\/alrum med \u00e5ben forbindelse til de bl\u00f8de stole i opholdsstuen, direkte udgang fra alrummet til egen terrasse og videre til haven. 2&#8230;<\/p>\n","protected":false},"author":1,"featured_media":0,"parent":15388,"menu_order":0,"comment_status":"closed","ping_status":"closed","template":"","meta":{"footnotes":""},"_links":{"self":[{"href":"https:\/\/www.sorensferielejligheder.dk\/index.php?rest_route=\/wp\/v2\/pages\/15443"}],"collection":[{"href":"https:\/\/www.sorensferielejligheder.dk\/index.php?rest_route=\/wp\/v2\/pages"}],"about":[{"href":"https:\/\/www.sorensferielejligheder.dk\/index.php?rest_route=\/wp\/v2\/types\/page"}],"author":[{"embeddable":true,"href":"https:\/\/www.sorensferielejligheder.dk\/index.php?rest_route=\/wp\/v2\/users\/1"}],"replies":[{"embeddable":true,"href":"https:\/\/www.sorensferielejligheder.dk\/index.php?rest_route=%2Fwp%2Fv2%2Fcomments&post=15443"}],"version-history":[{"count":12,"href":"https:\/\/www.sorensferielejligheder.dk\/index.php?rest_route=\/wp\/v2\/pages\/15443\/revisions"}],"predecessor-version":[{"id":15909,"href":"https:\/\/www.sorensferielejligheder.dk\/index.php?rest_route=\/wp\/v2\/pages\/15443\/revisions\/15909"}],"up":[{"embeddable":true,"href":"https:\/\/www.sorensferielejligheder.dk\/index.php?rest_route=\/wp\/v2\/pages\/15388"}],"wp:attachment":[{"href":"https:\/\/www.sorensferielejligheder.dk\/index.php?rest_route=%2Fwp%2Fv2%2Fmedia&parent=15443"}],"curies":[{"name":"wp","href":"https:\/\/api.w.org\/{rel}","templated":true}]}}