{"id":15441,"date":"2020-03-19T11:01:01","date_gmt":"2020-03-19T10:01:01","guid":{"rendered":"http:\/\/sorensferielejligheder.dk\/?page_id=15441"},"modified":"2020-04-20T11:08:49","modified_gmt":"2020-04-20T09:08:49","slug":"lejlighed-3","status":"publish","type":"page","link":"https:\/\/www.sorensferielejligheder.dk\/?page_id=15441","title":{"rendered":"Lejlighed 3"},"content":{"rendered":"<p>[vc_row css_animation=&#8221;&#8221; row_type=&#8221;row&#8221; use_row_as_full_screen_section=&#8221;no&#8221; type=&#8221;full_width&#8221; angled_section=&#8221;no&#8221; text_align=&#8221;left&#8221; background_image_as_pattern=&#8221;without_pattern&#8221;][vc_column width=&#8221;1\/2&#8243;][vc_single_image image=&#8221;15618&#8243; img_size=&#8221;full&#8221; qode_css_animation=&#8221;&#8221;][\/vc_column][vc_column width=&#8221;1\/2&#8243;][vc_column_text]<\/p>\n<h3>Lejlighed 3 &#8221; Badehotellet &#8220;<\/h3>\n<p>[\/vc_column_text][vc_empty_space][vc_column_text]<strong>Hyggelig hvidmalet 1. sals lejlighed med skr\u00e5 v\u00e6gge.<\/strong><br \/>\n2 rummelige dobbeltv\u00e6relser, stor hems,\u00a0lille og veludstyret k\u00f8kken, brusebadev\u00e6relse.<br \/>\nBr\u00e6ndeovn, ca 70 m2<\/p>\n<p>OBS. Stejl trappe, lejligheden er derfor ikke velegnet til sm\u00e5 b\u00f8rn eller gangbesv\u00e6rede.[\/vc_column_text][\/vc_column][\/vc_row][vc_row css_animation=&#8221;&#8221; row_type=&#8221;row&#8221; use_row_as_full_screen_section=&#8221;no&#8221; type=&#8221;full_width&#8221; angled_section=&#8221;no&#8221; text_align=&#8221;left&#8221; background_image_as_pattern=&#8221;without_pattern&#8221;][vc_column][vc_empty_space height=&#8221;40px&#8221;][\/vc_column][\/vc_row][vc_row css_animation=&#8221;&#8221; row_type=&#8221;row&#8221; use_row_as_full_screen_section=&#8221;no&#8221; type=&#8221;full_width&#8221; angled_section=&#8221;no&#8221; text_align=&#8221;left&#8221; background_image_as_pattern=&#8221;without_pattern&#8221;][vc_column width=&#8221;1\/4&#8243;][vc_single_image image=&#8221;15625&#8243; img_size=&#8221;full&#8221; qode_css_animation=&#8221;&#8221;][vc_empty_space]<a  itemprop=\"url\" href=\"http:\/\/sorensferielejligheder.dk\/?page_id=15630\" target=\"_self\"  class=\"qbutton  medium default\" style=\"text-transform: none; background-color: #477b99;\">Se flere billeder<\/a>[\/vc_column][vc_column width=&#8221;1\/4&#8243;][vc_single_image image=&#8221;15624&#8243; img_size=&#8221;full&#8221; qode_css_animation=&#8221;&#8221;][\/vc_column][vc_column width=&#8221;1\/4&#8243;]<a  itemprop=\"url\" href=\"http:\/\/sorensferielejligheder.dk\/?page_id=15790\" target=\"_self\"  class=\"qbutton  medium default\" style=\"background-color: rgba(71,123,153,0.7);\">Booking<\/a>[\/vc_column][vc_column width=&#8221;1\/4&#8243;][vc_raw_html]JTVCd3BzYmMlMjBpZCUzRCUyMjQlMjIlMjB0aXRsZSUzRCUyMnllcyUyMiUyMGxlZ2VuZCUzRCUyMnllcyUyMiUyMGxlZ2VuZF9wb3NpdGlvbiUzRCUyMmJvdHRvbSUyMiUyMGRpc3BsYXklM0QlMjIxJTIyJTIweWVhciUzRCUyMjAlMjIlMjBtb250aCUzRCUyMjAlMjIlMjBzdGFydCUzRCUyMjElMjIlMjBkcm9wZG93biUzRCUyMnllcyUyMiUyMGp1bXAlM0QlMjJubyUyMiUyMGhpc3RvcnklM0QlMjIxJTIyJTIwdG9vbHRpcCUzRCUyMjElMjIlMjBoaWdobGlnaHR0b2RheSUzRCUyMm5vJTIyJTIwd2Vla251bWJlcnMlM0QlMjJubyUyMiUyMGxhbmd1YWdlJTNEJTIyYXV0byUyMiU1RA==[\/vc_raw_html][\/vc_column][\/vc_row][vc_row css_animation=&#8221;&#8221; row_type=&#8221;row&#8221; use_row_as_full_screen_section=&#8221;no&#8221; type=&#8221;full_width&#8221; angled_section=&#8221;no&#8221; text_align=&#8221;left&#8221; background_image_as_pattern=&#8221;without_pattern&#8221;][vc_column][vc_empty_space height=&#8221;50&#8243;][\/vc_column][\/vc_row][vc_row css_animation=&#8221;&#8221; row_type=&#8221;row&#8221; use_row_as_full_screen_section=&#8221;no&#8221; type=&#8221;full_width&#8221; angled_section=&#8221;no&#8221; text_align=&#8221;left&#8221; background_image_as_pattern=&#8221;without_pattern&#8221;][vc_column][vc_column_text]<\/p>\n<p>[\/vc_column_text][\/vc_column][\/vc_row]<\/p>\n","protected":false},"excerpt":{"rendered":"<p>[vc_row css_animation=&#8221;&#8221; row_type=&#8221;row&#8221; use_row_as_full_screen_section=&#8221;no&#8221; type=&#8221;full_width&#8221; angled_section=&#8221;no&#8221; text_align=&#8221;left&#8221; background_image_as_pattern=&#8221;without_pattern&#8221;][vc_column width=&#8221;1\/2&#8243;][vc_single_image image=&#8221;15618&#8243; img_size=&#8221;full&#8221; qode_css_animation=&#8221;&#8221;][\/vc_column][vc_column width=&#8221;1\/2&#8243;][vc_column_text] Lejlighed 3 &#8221; Badehotellet &#8220; [\/vc_column_text][vc_empty_space][vc_column_text]Hyggelig hvidmalet 1. sals lejlighed med skr\u00e5 v\u00e6gge. 2 rummelige dobbeltv\u00e6relser, stor hems,\u00a0lille og veludstyret k\u00f8kken, brusebadev\u00e6relse. Br\u00e6ndeovn, ca 70 m2 OBS. Stejl trappe, lejligheden er derfor&#8230;<\/p>\n","protected":false},"author":1,"featured_media":0,"parent":15388,"menu_order":0,"comment_status":"closed","ping_status":"closed","template":"","meta":{"footnotes":""},"_links":{"self":[{"href":"https:\/\/www.sorensferielejligheder.dk\/index.php?rest_route=\/wp\/v2\/pages\/15441"}],"collection":[{"href":"https:\/\/www.sorensferielejligheder.dk\/index.php?rest_route=\/wp\/v2\/pages"}],"about":[{"href":"https:\/\/www.sorensferielejligheder.dk\/index.php?rest_route=\/wp\/v2\/types\/page"}],"author":[{"embeddable":true,"href":"https:\/\/www.sorensferielejligheder.dk\/index.php?rest_route=\/wp\/v2\/users\/1"}],"replies":[{"embeddable":true,"href":"https:\/\/www.sorensferielejligheder.dk\/index.php?rest_route=%2Fwp%2Fv2%2Fcomments&post=15441"}],"version-history":[{"count":15,"href":"https:\/\/www.sorensferielejligheder.dk\/index.php?rest_route=\/wp\/v2\/pages\/15441\/revisions"}],"predecessor-version":[{"id":15908,"href":"https:\/\/www.sorensferielejligheder.dk\/index.php?rest_route=\/wp\/v2\/pages\/15441\/revisions\/15908"}],"up":[{"embeddable":true,"href":"https:\/\/www.sorensferielejligheder.dk\/index.php?rest_route=\/wp\/v2\/pages\/15388"}],"wp:attachment":[{"href":"https:\/\/www.sorensferielejligheder.dk\/index.php?rest_route=%2Fwp%2Fv2%2Fmedia&parent=15441"}],"curies":[{"name":"wp","href":"https:\/\/api.w.org\/{rel}","templated":true}]}}