{"id":15376,"date":"2015-03-12T09:18:01","date_gmt":"2015-03-12T09:18:01","guid":{"rendered":"http:\/\/demo.qodeinteractive.com\/bridge67\/?page_id=15376"},"modified":"2024-01-10T18:46:21","modified_gmt":"2024-01-10T17:46:21","slug":"contact","status":"publish","type":"page","link":"https:\/\/www.sorensferielejligheder.dk\/?page_id=15376","title":{"rendered":"Kontakt"},"content":{"rendered":"<p>[vc_row css_animation=&#8221;&#8221; row_type=&#8221;row&#8221; use_row_as_full_screen_section=&#8221;no&#8221; type=&#8221;full_width&#8221; angled_section=&#8221;no&#8221; text_align=&#8221;left&#8221; background_image_as_pattern=&#8221;without_pattern&#8221;][vc_column width=&#8221;1\/2&#8243;][vc_column_text]<\/p>\n<h3>S\u00f8rens Ferielejligheder<\/h3>\n<p>[\/vc_column_text][vc_separator type=&#8221;transparent&#8221; up=&#8221;12&#8243; down=&#8221;0&#8243;][vc_column_text]S\u00f8ren Ringg\u00e5rd<br \/>\nHals Skolevej 1<br \/>\n9940 L\u00e6s\u00f8<br \/>\nTlf. +45 3029 4180[\/vc_column_text][vc_empty_space height=&#8221;20&#8243;][vc_column_text]<\/p>\n<h6><a href=\"mailto:soerensferielejligheder@gmail.com\" target=\"_blank\" rel=\"noopener noreferrer\">laesoeglas@gmail.com<\/a><\/h6>\n<p>[\/vc_column_text][\/vc_column][vc_column width=&#8221;1\/2&#8243;][vc_gmaps link=&#8221;#E-8_JTNDaWZyYW1lJTIwc3JjJTNEJTIyaHR0cHMlM0ElMkYlMkZ3d3cuZ29vZ2xlLmNvbSUyRm1hcHMlMkZlbWJlZCUzRnBiJTNEJTIxMW0xOCUyMTFtMTIlMjExbTMlMjExZDM0NTE1LjU4MjU1ODc2NDMyJTIxMmQxMS4wMTQ4NTk3MTUwNTAxNjQlMjEzZDU3LjI2OTkwNTk4MDg5Mjk3JTIxMm0zJTIxMWYwJTIxMmYwJTIxM2YwJTIxM20yJTIxMWkxMDI0JTIxMmk3NjglMjE0ZjEzLjElMjEzbTMlMjExbTIlMjExczB4NDY0ZjA2YmRkZWZiNWUwOSUyNTNBMHhjNjVlNWMyYjc3ZDMwODlhJTIxMnNIYWxzJTI1MjBTa29sZXZlaiUyNTIwMSUyNTJDJTI1MjA5OTQwJTI1MjBMJTI1QzMlMjVBNnMlMjVDMyUyNUI4JTIxNWUwJTIxM20yJTIxMXNkYSUyMTJzZGslMjE0djE1ODU0ODk4NDQ3MjklMjE1bTIlMjExc2RhJTIxMnNkayUyMiUyMHdpZHRoJTNEJTIyNjAwJTIyJTIwaGVpZ2h0JTNEJTIyNDUwJTIyJTIwZnJhbWVib3JkZXIlM0QlMjIwJTIyJTIwc3R5bGUlM0QlMjJib3JkZXIlM0EwJTNCJTIyJTIwYWxsb3dmdWxsc2NyZWVuJTNEJTIyJTIyJTIwYXJpYS1oaWRkZW4lM0QlMjJmYWxzZSUyMiUyMHRhYmluZGV4JTNEJTIyMCUyMiUzRSUzQyUyRmlmcmFtZSUzRQ==&#8221;][\/vc_column][\/vc_row][vc_row css_animation=&#8221;&#8221; row_type=&#8221;row&#8221; use_row_as_full_screen_section=&#8221;no&#8221; type=&#8221;full_width&#8221; angled_section=&#8221;no&#8221; text_align=&#8221;left&#8221; background_image_as_pattern=&#8221;without_pattern&#8221;][vc_column][vc_empty_space height=&#8221;50&#8243;][\/vc_column][\/vc_row]<\/p>\n","protected":false},"excerpt":{"rendered":"<p>[vc_row css_animation=&#8221;&#8221; row_type=&#8221;row&#8221; use_row_as_full_screen_section=&#8221;no&#8221; type=&#8221;full_width&#8221; angled_section=&#8221;no&#8221; text_align=&#8221;left&#8221; background_image_as_pattern=&#8221;without_pattern&#8221;][vc_column width=&#8221;1\/2&#8243;][vc_column_text] S\u00f8rens Ferielejligheder [\/vc_column_text][vc_separator type=&#8221;transparent&#8221; up=&#8221;12&#8243; down=&#8221;0&#8243;][vc_column_text]S\u00f8ren Ringg\u00e5rd Hals Skolevej 1 9940 L\u00e6s\u00f8 Tlf. +45 3029 4180[\/vc_column_text][vc_empty_space height=&#8221;20&#8243;][vc_column_text] laesoeglas@gmail.com [\/vc_column_text][\/vc_column][vc_column width=&#8221;1\/2&#8243;][vc_gmaps link=&#8221;#E-8_JTNDaWZyYW1lJTIwc3JjJTNEJTIyaHR0cHMlM0ElMkYlMkZ3d3cuZ29vZ2xlLmNvbSUyRm1hcHMlMkZlbWJlZCUzRnBiJTNEJTIxMW0xOCUyMTFtMTIlMjExbTMlMjExZDM0NTE1LjU4MjU1ODc2NDMyJTIxMmQxMS4wMTQ4NTk3MTUwNTAxNjQlMjEzZDU3LjI2OTkwNTk4MDg5Mjk3JTIxMm0zJTIxMWYwJTIxMmYwJTIxM2YwJTIxM20yJTIxMWkxMDI0JTIxMmk3NjglMjE0ZjEzLjElMjEzbTMlMjExbTIlMjExczB4NDY0ZjA2YmRkZWZiNWUwOSUyNTNBMHhjNjVlNWMyYjc3ZDMwODlhJTIxMnNIYWxzJTI1MjBTa29sZXZlaiUyNTIwMSUyNTJDJTI1MjA5OTQwJTI1MjBMJTI1QzMlMjVBNnMlMjVDMyUyNUI4JTIxNWUwJTIxM20yJTIxMXNkYSUyMTJzZGslMjE0djE1ODU0ODk4NDQ3MjklMjE1bTIlMjExc2RhJTIxMnNkayUyMiUyMHdpZHRoJTNEJTIyNjAwJTIyJTIwaGVpZ2h0JTNEJTIyNDUwJTIyJTIwZnJhbWVib3JkZXIlM0QlMjIwJTIyJTIwc3R5bGUlM0QlMjJib3JkZXIlM0EwJTNCJTIyJTIwYWxsb3dmdWxsc2NyZWVuJTNEJTIyJTIyJTIwYXJpYS1oaWRkZW4lM0QlMjJmYWxzZSUyMiUyMHRhYmluZGV4JTNEJTIyMCUyMiUzRSUzQyUyRmlmcmFtZSUzRQ==&#8221;][\/vc_column][\/vc_row][vc_row css_animation=&#8221;&#8221; row_type=&#8221;row&#8221; use_row_as_full_screen_section=&#8221;no&#8221; type=&#8221;full_width&#8221; angled_section=&#8221;no&#8221; text_align=&#8221;left&#8221; background_image_as_pattern=&#8221;without_pattern&#8221;][vc_column][vc_empty_space height=&#8221;50&#8243;][\/vc_column][\/vc_row]<\/p>\n","protected":false},"author":1,"featured_media":0,"parent":0,"menu_order":0,"comment_status":"open","ping_status":"closed","template":"","meta":{"footnotes":""},"_links":{"self":[{"href":"https:\/\/www.sorensferielejligheder.dk\/index.php?rest_route=\/wp\/v2\/pages\/15376"}],"collection":[{"href":"https:\/\/www.sorensferielejligheder.dk\/index.php?rest_route=\/wp\/v2\/pages"}],"about":[{"href":"https:\/\/www.sorensferielejligheder.dk\/index.php?rest_route=\/wp\/v2\/types\/page"}],"author":[{"embeddable":true,"href":"https:\/\/www.sorensferielejligheder.dk\/index.php?rest_route=\/wp\/v2\/users\/1"}],"replies":[{"embeddable":true,"href":"https:\/\/www.sorensferielejligheder.dk\/index.php?rest_route=%2Fwp%2Fv2%2Fcomments&post=15376"}],"version-history":[{"count":11,"href":"https:\/\/www.sorensferielejligheder.dk\/index.php?rest_route=\/wp\/v2\/pages\/15376\/revisions"}],"predecessor-version":[{"id":16010,"href":"https:\/\/www.sorensferielejligheder.dk\/index.php?rest_route=\/wp\/v2\/pages\/15376\/revisions\/16010"}],"wp:attachment":[{"href":"https:\/\/www.sorensferielejligheder.dk\/index.php?rest_route=%2Fwp%2Fv2%2Fmedia&parent=15376"}],"curies":[{"name":"wp","href":"https:\/\/api.w.org\/{rel}","templated":true}]}}