{"id":15254,"date":"2015-03-11T08:56:52","date_gmt":"2015-03-11T08:56:52","guid":{"rendered":"http:\/\/demo.qodeinteractive.com\/bridge67\/?page_id=15254"},"modified":"2025-12-01T14:15:52","modified_gmt":"2025-12-01T13:15:52","slug":"home","status":"publish","type":"page","link":"https:\/\/www.sorensferielejligheder.dk\/","title":{"rendered":"Home"},"content":{"rendered":"<p>[vc_row css_animation=&#8221;&#8221; row_type=&#8221;row&#8221; use_row_as_full_screen_section=&#8221;no&#8221; type=&#8221;full_width&#8221; angled_section=&#8221;no&#8221; text_align=&#8221;left&#8221; background_image_as_pattern=&#8221;without_pattern&#8221; z_index=&#8221;&#8221;][vc_column][vc_column_text css=&#8221;.vc_custom_1584880104032{padding-top: 50px !important;padding-bottom: 50px !important;}&#8221;]<\/p>\n<h2 style=\"text-align: center;\">Velkommen til S\u00f8rens Ferielejligheder<\/h2>\n<h4 style=\"text-align: center;\"><span style=\"color: #ffffff;\"><span style=\"color: #000000;\">Her finder du 4 dejlige lejligheder b\u00e5de til den store og den lille familie.<\/span><br \/>\n<span style=\"color: #000000;\">Alle lejligheder er individuelt indrettede med sp\u00e6ndende detaljer, funktionelle k\u00f8kkener , l\u00e6kre badev\u00e6relser , bl\u00f8de senge og gode m\u00f8bler.<\/span><br \/>\n<span style=\"color: #000000;\">Hals Gl. Skole ligger midt p\u00e5 L\u00e6s\u00f8, 5 minutter i bil fra de gode indk\u00f8bs muligheder i Byrum og 15 min fra alle \u00f8ens herlige strande.<\/span><br \/>\n<span style=\"color: #000000;\">Husene ligger sol\u00e5bent midt i en 10.000 m2 parklignende have.<\/span><br \/>\n<span style=\"color: #000000;\">Her er fred og ro og l\u00e6 &#8211; ogs\u00e5 n\u00e5r det bl\u00e6ser.<\/span><br \/>\n<span style=\"color: #000000;\">Et dejligt sted at hvile ud og nyde ferien.<\/span><br \/>\n<\/span><\/h4>\n<p>[\/vc_column_text][\/vc_column][\/vc_row][vc_row css_animation=&#8221;&#8221; row_type=&#8221;row&#8221; use_row_as_full_screen_section=&#8221;no&#8221; type=&#8221;grid&#8221; angled_section=&#8221;no&#8221; text_align=&#8221;center&#8221; background_image_as_pattern=&#8221;without_pattern&#8221; padding_top=&#8221;100&#8243; padding_bottom=&#8221;80&#8243;][vc_column width=&#8221;1\/4&#8243;][vc_single_image image=&#8221;16044&#8243; img_size=&#8221;500px&#8221; alignment=&#8221;center&#8221; onclick=&#8221;custom_link&#8221; qode_css_animation=&#8221;&#8221; link=&#8221;http:\/\/sorensferielejligheder.dk\/?page_id=15437&#8243;][vc_separator type=&#8221;transparent&#8221; up=&#8221;40&#8243; down=&#8221;0&#8243;][vc_column_text]<\/p>\n<h3>Den gamle skolestue<\/h3>\n<p>[\/vc_column_text][vc_separator type=&#8221;transparent&#8221; up=&#8221;5&#8243; down=&#8221;0&#8243;][vc_separator type=&#8221;transparent&#8221; up=&#8221;5&#8243; down=&#8221;0&#8243;][vc_column_text]<\/p>\n<h4>Lejlighed 1\u00a0 &#8221; Den gamle skolestue &#8221;<br \/>\n120 m2 lejlighed i fritliggende hus.<\/h4>\n<p>[\/vc_column_text][\/vc_column][vc_column width=&#8221;1\/4&#8243;][vc_single_image image=&#8221;15475&#8243; img_size=&#8221;full&#8221; alignment=&#8221;center&#8221; onclick=&#8221;custom_link&#8221; qode_css_animation=&#8221;&#8221; link=&#8221;http:\/\/sorensferielejligheder.dk\/?page_id=15439&#8243;][vc_separator type=&#8221;transparent&#8221; up=&#8221;40&#8243; down=&#8221;0&#8243;][vc_column_text]<\/p>\n<h3>Egoist lejligheden<\/h3>\n<p>[\/vc_column_text][vc_separator type=&#8221;transparent&#8221; up=&#8221;5&#8243; down=&#8221;0&#8243;][vc_separator type=&#8221;transparent&#8221; up=&#8221;5&#8243; down=&#8221;0&#8243;][vc_column_text]<\/p>\n<h4>Lejlighed 2\u00a0 &#8220;Egoist lejligheden&#8221;<br \/>\nStuelejligheden i gavlen af hovedhuset.<\/h4>\n<p>[\/vc_column_text][\/vc_column][vc_column width=&#8221;1\/4&#8243;][vc_single_image image=&#8221;15477&#8243; img_size=&#8221;full&#8221; alignment=&#8221;center&#8221; onclick=&#8221;custom_link&#8221; qode_css_animation=&#8221;&#8221; link=&#8221;http:\/\/sorensferielejligheder.dk\/?page_id=15441&#8243;][vc_separator type=&#8221;transparent&#8221; up=&#8221;40&#8243; down=&#8221;0&#8243;][vc_column_text css=&#8221;.vc_custom_1584801053927{padding-top: 0px !important;padding-bottom: 0px !important;}&#8221;]<\/p>\n<h3>Badehotellet<\/h3>\n<p>[\/vc_column_text][vc_separator type=&#8221;transparent&#8221; up=&#8221;5&#8243; down=&#8221;0&#8243;][vc_separator type=&#8221;transparent&#8221; up=&#8221;5&#8243; down=&#8221;0&#8243;][vc_column_text]<\/p>\n<h4>Lejlighed 3 &#8221; Badehotellet &#8221;<br \/>\nHyggelig hvidmalet 1. sals lejlighed med skr\u00e5 v\u00e6gge<\/h4>\n<p>[\/vc_column_text][\/vc_column][vc_column width=&#8221;1\/4&#8243;][vc_single_image image=&#8221;15479&#8243; img_size=&#8221;full&#8221; alignment=&#8221;center&#8221; onclick=&#8221;custom_link&#8221; qode_css_animation=&#8221;&#8221; link=&#8221;http:\/\/sorensferielejligheder.dk\/?page_id=15443&#8243;][vc_separator type=&#8221;transparent&#8221; up=&#8221;40&#8243; down=&#8221;0&#8243;][vc_column_text]<\/p>\n<h3>Den nye<\/h3>\n<p>[\/vc_column_text][vc_separator type=&#8221;transparent&#8221; up=&#8221;5&#8243; down=&#8221;0&#8243;][vc_separator type=&#8221;transparent&#8221; up=&#8221;5&#8243; down=&#8221;0&#8243;][vc_column_text]<\/p>\n<h4>Lejlighed 4 &#8221; Den nye &#8221;<br \/>\n3 store dobbeltv\u00e6relser og stort k\u00f8kken\/alrum<\/h4>\n<p>[\/vc_column_text][\/vc_column][\/vc_row][vc_row css_animation=&#8221;&#8221; row_type=&#8221;row&#8221; use_row_as_full_screen_section=&#8221;no&#8221; type=&#8221;full_width&#8221; angled_section=&#8221;no&#8221; text_align=&#8221;center&#8221; background_image_as_pattern=&#8221;without_pattern&#8221; background_image=&#8221;15663&#8243; z_index=&#8221;&#8221;][vc_column offset=&#8221;vc_col-lg-offset-2 vc_col-lg-8&#8243;][vc_separator type=&#8221;transparent&#8221; up=&#8221;50&#8243; down=&#8221;0&#8243;][vc_single_image image=&#8221;15291&#8243; img_size=&#8221;full&#8221; alignment=&#8221;center&#8221; qode_css_animation=&#8221;&#8221;][vc_separator type=&#8221;transparent&#8221; up=&#8221;50&#8243; down=&#8221;0&#8243;]<div class='testimonials_holder clearfix light'><div class=\"testimonials testimonials_carousel\" data-show-navigation=\"yes\" data-animation-type=\"fade\" data-animation-speed=\"\" data-auto-rotate-slides=\"3\" data-number-per-slide=\"1\"><ul class=\"slides\"><li id=\"testimonials15297\" class=\"testimonial_content\"><div class=\"testimonial_content_inner\"><div class=\"testimonial_text_holder\"><div class=\"testimonial_text_inner\" style=\"\"><p>Dejlige lejligheder og sk\u00f8nne omgivelser - L\u00e6s\u00f8 er fantastisk!<\/p><p class=\"testimonial_author\" style=\"\">Familie Saaby<\/p><\/div><\/div><\/div><\/li><li id=\"testimonials15296\" class=\"testimonial_content\"><div class=\"testimonial_content_inner\"><div class=\"testimonial_text_holder\"><div class=\"testimonial_text_inner\" style=\"\"><p>Vi havde en dejlig ferie p\u00e5 L\u00e6s\u00f8, og kan klart anbefale lejlighederne, der er hyggelige og med god beliggenhed.<\/p><p class=\"testimonial_author\" style=\"\">Nicolai Pedersen<\/p><\/div><\/div><\/div><\/li><li id=\"testimonials15293\" class=\"testimonial_content\"><div class=\"testimonial_content_inner\"><div class=\"testimonial_text_holder\"><div class=\"testimonial_text_inner\" style=\"\"><p>Igen i \u00e5r havde vi en pragtfuld ferie i lejligheden p\u00e5 L\u00e6s\u00f8. Vi kommer helt sikkert igen...<\/p><p class=\"testimonial_author\" style=\"\">Hanne J\u00f8rgensen<\/p><\/div><\/div><\/div><\/li><\/ul><\/div><\/div>[vc_separator type=&#8221;transparent&#8221; up=&#8221;50&#8243; down=&#8221;0&#8243;][\/vc_column][\/vc_row]<\/p>\n","protected":false},"excerpt":{"rendered":"<p>[vc_row css_animation=&#8221;&#8221; row_type=&#8221;row&#8221; use_row_as_full_screen_section=&#8221;no&#8221; type=&#8221;full_width&#8221; angled_section=&#8221;no&#8221; text_align=&#8221;left&#8221; background_image_as_pattern=&#8221;without_pattern&#8221; z_index=&#8221;&#8221;][vc_column][vc_column_text css=&#8221;.vc_custom_1584880104032{padding-top: 50px !important;padding-bottom: 50px !important;}&#8221;] Velkommen til S\u00f8rens Ferielejligheder Her finder du 4 dejlige lejligheder b\u00e5de til den store og den lille familie. Alle lejligheder er individuelt indrettede med sp\u00e6ndende detaljer, funktionelle k\u00f8kkener , l\u00e6kre badev\u00e6relser&#8230;<\/p>\n","protected":false},"author":1,"featured_media":0,"parent":0,"menu_order":0,"comment_status":"open","ping_status":"closed","template":"full_width.php","meta":{"footnotes":""},"_links":{"self":[{"href":"https:\/\/www.sorensferielejligheder.dk\/index.php?rest_route=\/wp\/v2\/pages\/15254"}],"collection":[{"href":"https:\/\/www.sorensferielejligheder.dk\/index.php?rest_route=\/wp\/v2\/pages"}],"about":[{"href":"https:\/\/www.sorensferielejligheder.dk\/index.php?rest_route=\/wp\/v2\/types\/page"}],"author":[{"embeddable":true,"href":"https:\/\/www.sorensferielejligheder.dk\/index.php?rest_route=\/wp\/v2\/users\/1"}],"replies":[{"embeddable":true,"href":"https:\/\/www.sorensferielejligheder.dk\/index.php?rest_route=%2Fwp%2Fv2%2Fcomments&post=15254"}],"version-history":[{"count":68,"href":"https:\/\/www.sorensferielejligheder.dk\/index.php?rest_route=\/wp\/v2\/pages\/15254\/revisions"}],"predecessor-version":[{"id":16058,"href":"https:\/\/www.sorensferielejligheder.dk\/index.php?rest_route=\/wp\/v2\/pages\/15254\/revisions\/16058"}],"wp:attachment":[{"href":"https:\/\/www.sorensferielejligheder.dk\/index.php?rest_route=%2Fwp%2Fv2%2Fmedia&parent=15254"}],"curies":[{"name":"wp","href":"https:\/\/api.w.org\/{rel}","templated":true}]}}